{"id":2400,"date":"2023-05-11T14:21:43","date_gmt":"2023-05-11T14:21:43","guid":{"rendered":"https:\/\/www.newfiordhotel.com\/?page_id=2400"},"modified":"2023-05-11T14:21:44","modified_gmt":"2023-05-11T14:21:44","slug":"rezervasyon-formu","status":"publish","type":"page","link":"https:\/\/1.seckinotelrestaurant.com\/en\/rezervasyon-formu\/","title":{"rendered":"Reservation form"},"content":{"rendered":"<div class=\"frm_forms  with_frm_style frm_style_formidable-style\" id=\"frm_form_2_container\" >\n<form enctype=\"multipart\/form-data\" method=\"post\" class=\"frm-show-form  frm_pro_form\" id=\"form_enquiry\" action=\"\"  >\n<div class=\"frm_form_fields\">\n<fieldset>\n<legend class=\"frm_screen_reader\">Inquiry Form<\/legend>\r\n\r\n<div class=\"frm_fields_container\">\n<input type=\"hidden\" name=\"frm_action\" value=\"create\" \/>\n<input type=\"hidden\" name=\"form_id\" value=\"2\" \/>\n<input type=\"hidden\" name=\"frm_hide_fields_2\" id=\"frm_hide_fields_2\" value=\"\" \/>\n<input type=\"hidden\" name=\"form_key\" value=\"enquiry\" \/>\n<input type=\"hidden\" name=\"item_meta[0]\" value=\"\" \/>\n<input type=\"hidden\" id=\"frm_submit_entry_2\" name=\"frm_submit_entry_2\" value=\"26a6c0ff27\" \/><input type=\"hidden\" name=\"_wp_http_referer\" value=\"\/en\/wp-json\/wp\/v2\/pages\/2400\" \/><div id=\"frm_field_6_container\" class=\"frm_form_field form-field  frm_required_field frm_top_container\">\r\n    <label for=\"field_k0sum\" class=\"frm_primary_label\">Your name\r\n        <span class=\"frm_required\">*<\/span>\r\n    <\/label>\r\n    <input type=\"text\" id=\"field_k0sum\" name=\"item_meta[6]\" value=\"\"  data-reqmsg=\"Bu alan bo\u015f b\u0131rak\u0131lamaz.\" aria-required=\"true\" data-invmsg=\"Text is invalid\" aria-invalid=\"false\"  \/>\r\n    \r\n    \r\n<\/div>\n<div id=\"frm_field_7_container\" class=\"frm_form_field form-field  frm_top_container\">\r\n    <label for=\"field_lk35d\" class=\"frm_primary_label\">your email\r\n        <span class=\"frm_required\"><\/span>\r\n    <\/label>\r\n    <input type=\"email\" id=\"field_lk35d\" name=\"item_meta[7]\" value=\"\"  data-invmsg=\"Email is invalid\" aria-invalid=\"false\"  \/>\r\n    \r\n    \r\n<\/div>\n<div id=\"frm_field_8_container\" class=\"frm_form_field form-field  frm_required_field frm_top_container\">\r\n    <label for=\"field_nfjw0\" class=\"frm_primary_label\">Your phone number\r\n        <span class=\"frm_required\">*<\/span>\r\n    <\/label>\r\n    <input type=\"tel\" id=\"field_nfjw0\" name=\"item_meta[8]\" value=\"\"  data-reqmsg=\"Bu alan bo\u015f b\u0131rak\u0131lamaz.\" aria-required=\"true\" data-invmsg=\"Phone is invalid\" aria-invalid=\"false\" pattern=\"((\\+\\d{1,3}(-|.| )?\\(?\\d\\)?(-| |.)?\\d{1,5})|(\\(?\\d{2,6}\\)?))(-|.| )?(\\d{3,4})(-|.| )?(\\d{4})(( x| ext)\\d{1,5}){0,1}$\"  \/>\r\n    \r\n    \r\n<\/div>\n<div id=\"frm_field_9_container\" class=\"frm_form_field  frm_html_container form-field\"><label style=\"margin:4px 0 0 0\">select date<br \/>\n<\/label><\/div>\n<div id=\"frm_field_10_container\" class=\"frm_form_field form-field  frm_required_field frm_top_container\">\r\n    <label for=\"field_s6y5l\" id=\"field_s6y5l_label\" class=\"frm_primary_label\">Date of entry\r\n        <span class=\"frm_required\" aria-hidden=\"true\">*<\/span>\r\n    <\/label>\r\n    <input type=\"text\" id=\"field_s6y5l\" name=\"item_meta[10]\" value=\"\"  maxlength=\"10\" data-reqmsg=\"Bu alan bo\u015f b\u0131rak\u0131lamaz.\" aria-required=\"true\" data-invmsg=\"Date is invalid\" class=\"frm_date\" aria-invalid=\"false\"  \/>\r\n    \r\n    \r\n<\/div>\n<div id=\"frm_field_11_container\" class=\"frm_form_field  frm_html_container form-field\"><label style=\"margin:4px 0 0 0\">select date<br \/>\n<\/label><\/div>\n<div id=\"frm_field_12_container\" class=\"frm_form_field form-field  frm_required_field frm_top_container\">\r\n    <label for=\"field_66xgh\" id=\"field_66xgh_label\" class=\"frm_primary_label\">Release date\r\n        <span class=\"frm_required\" aria-hidden=\"true\">*<\/span>\r\n    <\/label>\r\n    <input type=\"text\" id=\"field_66xgh\" name=\"item_meta[12]\" value=\"\"  maxlength=\"10\" data-reqmsg=\"Bu alan bo\u015f b\u0131rak\u0131lamaz.\" aria-required=\"true\" data-invmsg=\"Date is invalid\" class=\"frm_date\" aria-invalid=\"false\"  \/>\r\n    \r\n    \r\n<\/div>\n<div id=\"frm_field_13_container\" class=\"frm_form_field form-field  frm_top_container\">\r\n    <label for=\"field_5gbdp\" class=\"frm_primary_label\">Number of Adults\r\n        <span class=\"frm_required\"><\/span>\r\n    <\/label>\r\n    <input type=\"number\" id=\"field_5gbdp\" name=\"item_meta[13]\" value=\"\"  placeholder=\"Adult (18+)\" data-invmsg=\"Number is invalid\" aria-invalid=\"false\"   min=\"0\" max=\"50\" step=\"any\"\/>\r\n    \r\n    \r\n<\/div>\n<div id=\"frm_field_14_container\" class=\"frm_form_field form-field  frm_none_container\">\r\n    <label for=\"field_8rfeh\" class=\"frm_primary_label\">Number of children\r\n        <span class=\"frm_required\"><\/span>\r\n    <\/label>\r\n    <input type=\"number\" id=\"field_8rfeh\" name=\"item_meta[14]\" value=\"\"  placeholder=\"Child (under 17 years old)\" data-invmsg=\"Number is invalid\" aria-invalid=\"false\"   min=\"0\" max=\"9999999\" step=\"any\"\/>\r\n    \r\n    \r\n<\/div>\n<div id=\"frm_field_15_container\" class=\"frm_form_field form-field  frm_top_container\">\r\n    <label for=\"field_jacrv\" class=\"frm_primary_label\">Questions and Requests\r\n        <span class=\"frm_required\"><\/span>\r\n    <\/label>\r\n    <textarea name=\"item_meta[15]\" id=\"field_jacrv\" rows=\"5\"  data-invmsg=\"Sorular ve \u0130stekler is invalid\" aria-invalid=\"false\"  ><\/textarea>\r\n    \r\n    \r\n<\/div>\n<div id=\"frm_field_16_container\" class=\"frm_form_field  frm_html_container form-field\">This is a request form. We want you to know that we will get back to you in line with your request.<\/div>\n\t<input type=\"hidden\" name=\"item_key\" value=\"\" \/>\n\t\t\t\t<div class=\"frm_verify\" aria-hidden=\"true\">\n\t\t\t\t<label for=\"frm_email_2\">\n\t\t\t\t\tIf you are human, leave this field blank.\t\t\t\t<\/label>\n\t\t\t\t<input type=\"text\" class=\"frm_verify\" id=\"frm_email_2\" name=\"frm_verify\" value=\"\"  \/>\n\t\t\t<\/div>\n\t\t<input name=\"frm_state\" type=\"hidden\" value=\"oOtwop5obkIZj2am+p8gY7qMQKay00MzvBY1CmngWZs=\" \/><div class=\"frm_submit\">\r\n\r\n<button class=\"frm_button_submit frm_final_submit\" type=\"submit\"   formnovalidate=\"formnovalidate\">Send<\/button>\r\n\r\n<\/div><\/div>\n<\/fieldset>\n<\/div>\n<input type=\"hidden\" name=\"trp-form-language\" value=\"en\"\/><\/form>\n<\/div>","protected":false},"excerpt":{"rendered":"Enquiry Form Your Name * Your Email Your Phone Number * Select date Entry Date * Select date Exit Date * Number of Adults Number of Children Questions and Requests This is a request form. To you [...]","protected":false},"author":1,"featured_media":0,"parent":0,"menu_order":0,"comment_status":"closed","ping_status":"open","template":"","meta":[],"yoast_head":"<!-- This site is optimized with the Yoast SEO plugin v19.1 - https:\/\/yoast.com\/wordpress\/plugins\/seo\/ -->\n<title>Rezervasyon Formu - Se\u00e7kin Otel Restaurant<\/title>\n<meta name=\"robots\" content=\"index, follow, max-snippet:-1, max-image-preview:large, max-video-preview:-1\" \/>\n<link rel=\"canonical\" href=\"https:\/\/1.seckinotelrestaurant.com\/en\/rezervasyon-formu\/\" \/>\n<meta property=\"og:locale\" content=\"en_US\" \/>\n<meta property=\"og:type\" content=\"article\" \/>\n<meta property=\"og:title\" content=\"Rezervasyon Formu - Se\u00e7kin Otel Restaurant\" \/>\n<meta property=\"og:url\" content=\"https:\/\/1.seckinotelrestaurant.com\/en\/rezervasyon-formu\/\" \/>\n<meta property=\"og:site_name\" content=\"Se\u00e7kin Otel Restaurant\" \/>\n<meta property=\"article:publisher\" content=\"https:\/\/www.facebook.com\/newfiordhotel\" \/>\n<meta property=\"article:modified_time\" content=\"2023-05-11T14:21:44+00:00\" \/>\n<meta name=\"twitter:card\" content=\"summary_large_image\" \/>\n<meta name=\"twitter:label1\" content=\"Est. reading time\" \/>\n\t<meta name=\"twitter:data1\" content=\"1 minute\" \/>\n<script type=\"application\/ld+json\" class=\"yoast-schema-graph\">{\"@context\":\"https:\/\/schema.org\",\"@graph\":[{\"@type\":\"Organization\",\"@id\":\"https:\/\/1.seckinotelrestaurant.com\/#organization\",\"name\":\"New Fiord Hotel\",\"url\":\"https:\/\/1.seckinotelrestaurant.com\/\",\"sameAs\":[\"https:\/\/www.instagram.com\/newfiordhotel\",\"https:\/\/www.facebook.com\/newfiordhotel\"],\"logo\":{\"@type\":\"ImageObject\",\"inLanguage\":\"en-US\",\"@id\":\"https:\/\/1.seckinotelrestaurant.com\/#\/schema\/logo\/image\/\",\"url\":\"https:\/\/www.newfiordhotel.com\/wp-content\/uploads\/2022\/06\/icon.png\",\"contentUrl\":\"https:\/\/www.newfiordhotel.com\/wp-content\/uploads\/2022\/06\/icon.png\",\"width\":512,\"height\":512,\"caption\":\"New Fiord Hotel\"},\"image\":{\"@id\":\"https:\/\/1.seckinotelrestaurant.com\/#\/schema\/logo\/image\/\"}},{\"@type\":\"WebSite\",\"@id\":\"https:\/\/1.seckinotelrestaurant.com\/#website\",\"url\":\"https:\/\/1.seckinotelrestaurant.com\/\",\"name\":\"Se\u00e7kin Otel Restaurant\",\"description\":\"K\u00fc\u00e7\u00fckkuyu&#039;nun Se\u00e7kin Oteli\",\"publisher\":{\"@id\":\"https:\/\/1.seckinotelrestaurant.com\/#organization\"},\"potentialAction\":[{\"@type\":\"SearchAction\",\"target\":{\"@type\":\"EntryPoint\",\"urlTemplate\":\"https:\/\/1.seckinotelrestaurant.com\/?s={search_term_string}\"},\"query-input\":\"required name=search_term_string\"}],\"inLanguage\":\"en-US\"},{\"@type\":\"WebPage\",\"@id\":\"https:\/\/1.seckinotelrestaurant.com\/rezervasyon-formu\/#webpage\",\"url\":\"https:\/\/1.seckinotelrestaurant.com\/rezervasyon-formu\/\",\"name\":\"Rezervasyon Formu - Se\u00e7kin Otel Restaurant\",\"isPartOf\":{\"@id\":\"https:\/\/1.seckinotelrestaurant.com\/#website\"},\"datePublished\":\"2023-05-11T14:21:43+00:00\",\"dateModified\":\"2023-05-11T14:21:44+00:00\",\"breadcrumb\":{\"@id\":\"https:\/\/1.seckinotelrestaurant.com\/rezervasyon-formu\/#breadcrumb\"},\"inLanguage\":\"en-US\",\"potentialAction\":[{\"@type\":\"ReadAction\",\"target\":[\"https:\/\/1.seckinotelrestaurant.com\/rezervasyon-formu\/\"]}]},{\"@type\":\"BreadcrumbList\",\"@id\":\"https:\/\/1.seckinotelrestaurant.com\/rezervasyon-formu\/#breadcrumb\",\"itemListElement\":[{\"@type\":\"ListItem\",\"position\":1,\"name\":\"Anasayfa\",\"item\":\"https:\/\/1.seckinotelrestaurant.com\/\"},{\"@type\":\"ListItem\",\"position\":2,\"name\":\"Rezervasyon Formu\"}]}]}<\/script>\n<!-- \/ Yoast SEO plugin. -->","yoast_head_json":{"title":"Rezervasyon Formu - Se\u00e7kin Otel Restaurant","robots":{"index":"index","follow":"follow","max-snippet":"max-snippet:-1","max-image-preview":"max-image-preview:large","max-video-preview":"max-video-preview:-1"},"canonical":"https:\/\/1.seckinotelrestaurant.com\/en\/rezervasyon-formu\/","og_locale":"en_US","og_type":"article","og_title":"Rezervasyon Formu - Se\u00e7kin Otel Restaurant","og_url":"https:\/\/1.seckinotelrestaurant.com\/en\/rezervasyon-formu\/","og_site_name":"Se\u00e7kin Otel Restaurant","article_publisher":"https:\/\/www.facebook.com\/newfiordhotel","article_modified_time":"2023-05-11T14:21:44+00:00","twitter_card":"summary_large_image","twitter_misc":{"Est. reading time":"1 minute"},"schema":{"@context":"https:\/\/schema.org","@graph":[{"@type":"Organization","@id":"https:\/\/1.seckinotelrestaurant.com\/#organization","name":"New Fiord Hotel","url":"https:\/\/1.seckinotelrestaurant.com\/","sameAs":["https:\/\/www.instagram.com\/newfiordhotel","https:\/\/www.facebook.com\/newfiordhotel"],"logo":{"@type":"ImageObject","inLanguage":"en-US","@id":"https:\/\/1.seckinotelrestaurant.com\/#\/schema\/logo\/image\/","url":"https:\/\/www.newfiordhotel.com\/wp-content\/uploads\/2022\/06\/icon.png","contentUrl":"https:\/\/www.newfiordhotel.com\/wp-content\/uploads\/2022\/06\/icon.png","width":512,"height":512,"caption":"New Fiord Hotel"},"image":{"@id":"https:\/\/1.seckinotelrestaurant.com\/#\/schema\/logo\/image\/"}},{"@type":"WebSite","@id":"https:\/\/1.seckinotelrestaurant.com\/#website","url":"https:\/\/1.seckinotelrestaurant.com\/","name":"Se\u00e7kin Otel Restaurant","description":"K\u00fc\u00e7\u00fckkuyu&#039;nun Se\u00e7kin Oteli","publisher":{"@id":"https:\/\/1.seckinotelrestaurant.com\/#organization"},"potentialAction":[{"@type":"SearchAction","target":{"@type":"EntryPoint","urlTemplate":"https:\/\/1.seckinotelrestaurant.com\/?s={search_term_string}"},"query-input":"required name=search_term_string"}],"inLanguage":"en-US"},{"@type":"WebPage","@id":"https:\/\/1.seckinotelrestaurant.com\/rezervasyon-formu\/#webpage","url":"https:\/\/1.seckinotelrestaurant.com\/rezervasyon-formu\/","name":"Rezervasyon Formu - Se\u00e7kin Otel Restaurant","isPartOf":{"@id":"https:\/\/1.seckinotelrestaurant.com\/#website"},"datePublished":"2023-05-11T14:21:43+00:00","dateModified":"2023-05-11T14:21:44+00:00","breadcrumb":{"@id":"https:\/\/1.seckinotelrestaurant.com\/rezervasyon-formu\/#breadcrumb"},"inLanguage":"en-US","potentialAction":[{"@type":"ReadAction","target":["https:\/\/1.seckinotelrestaurant.com\/rezervasyon-formu\/"]}]},{"@type":"BreadcrumbList","@id":"https:\/\/1.seckinotelrestaurant.com\/rezervasyon-formu\/#breadcrumb","itemListElement":[{"@type":"ListItem","position":1,"name":"Anasayfa","item":"https:\/\/1.seckinotelrestaurant.com\/"},{"@type":"ListItem","position":2,"name":"Rezervasyon Formu"}]}]}},"_links":{"self":[{"href":"https:\/\/1.seckinotelrestaurant.com\/en\/wp-json\/wp\/v2\/pages\/2400"}],"collection":[{"href":"https:\/\/1.seckinotelrestaurant.com\/en\/wp-json\/wp\/v2\/pages"}],"about":[{"href":"https:\/\/1.seckinotelrestaurant.com\/en\/wp-json\/wp\/v2\/types\/page"}],"author":[{"embeddable":true,"href":"https:\/\/1.seckinotelrestaurant.com\/en\/wp-json\/wp\/v2\/users\/1"}],"replies":[{"embeddable":true,"href":"https:\/\/1.seckinotelrestaurant.com\/en\/wp-json\/wp\/v2\/comments?post=2400"}],"version-history":[{"count":1,"href":"https:\/\/1.seckinotelrestaurant.com\/en\/wp-json\/wp\/v2\/pages\/2400\/revisions"}],"predecessor-version":[{"id":2401,"href":"https:\/\/1.seckinotelrestaurant.com\/en\/wp-json\/wp\/v2\/pages\/2400\/revisions\/2401"}],"wp:attachment":[{"href":"https:\/\/1.seckinotelrestaurant.com\/en\/wp-json\/wp\/v2\/media?parent=2400"}],"curies":[{"name":"wp","href":"https:\/\/api.w.org\/{rel}","templated":true}]}}