{"id":15,"date":"2018-09-03T19:11:29","date_gmt":"2018-09-03T19:11:29","guid":{"rendered":"https:\/\/sunway.freevision.me\/?page_id=15"},"modified":"2026-04-13T07:01:29","modified_gmt":"2026-04-13T07:01:29","slug":"ixdex01","status":"publish","type":"page","link":"https:\/\/1.seckinotelrestaurant.com\/en\/","title":{"rendered":"Home page"},"content":{"rendered":"<div data-vc-full-width=\"true\" data-vc-full-width-init=\"false\" data-vc-stretch-content=\"true\" class=\"vc_row wpb_row vc_row-fluid vc_column-gap-0 vc_row-no-padding vc_row-o-full-height vc_row-o-columns-middle vc_row-flex\"><div class=\"wpb_column vc_column_container vc_col-sm-12\"><div class=\"vc_column-inner\"><div class=\"wpb_wrapper\"><div id=\"top-banner-background-1\" class=\"shortcode-mode\"><div class=\"hero-background-slider\"><div style=\"background:url(https:\/\/1.seckinotelrestaurant.com\/wp-content\/uploads\/2024\/07\/slaytsonfiord.jpg)\" data-title=\"Havuz, \u00d6zel Plaj ve Dahas\u0131\" data-subtitle=\"KONFORLU TAT\u0130L\u0130N KEYF\u0130N\u0130 YA\u015eAYIN\" data-link=\"\" data-linktitle=\"\" data-fgcolor=\"#ffffff\"><\/div><\/div><div class=\"hero-background-slider\"><div style=\"background:url(https:\/\/1.seckinotelrestaurant.com\/wp-content\/uploads\/2024\/06\/DSCF6669-scaled.jpg)\" data-title=\"New Fiord Hotel\" data-subtitle=\"G\u00dcN BURADA MUHTE\u015eEM DO\u011eUYOR ve BATIYOR\" data-link=\"\/galeri\" data-linktitle=\"FOTO\u011eRAF GALER\u0130S\u0130\" data-fgcolor=\"#ffffff\"><div class=\"div_link\"><span  id=\"wofcb-2\" class=\"ozy-custom_button_w\"><a id=\"ofcb-2\" style=\"--data-bordercolor:#000000\" class=\"ozy-custom_button ocbtn-12\"  href=\"https:\/\/1.seckinotelrestaurant.com\/en\/galeri\/\"  target=\"_self\" >PHOTO GALLERY<\/a><\/span><\/div><\/div><\/div><div class=\"hero-background-slider\"><div style=\"background:url(https:\/\/1.seckinotelrestaurant.com\/wp-content\/uploads\/2023\/04\/restoran3.jpg)\" data-title=\"Se\u00e7kin Otel&#039;e Ho\u015fgeldiniz\" data-subtitle=\"Pati Dostu 11 Odal\u0131 Bir Butik Otel\" data-link=\"\" data-linktitle=\"\" data-fgcolor=\"#ffffff\"><\/div><\/div><div class=\"reveal-slider-caption\"><\/div><\/div><\/div><\/div><\/div><\/div><div class=\"vc_row-full-width vc_clearfix\"><\/div><div class=\"vc_row wpb_row vc_row-fluid vc_custom_1542961430859 vc_column-gap-0 vc_row-o-content-middle vc_row-flex\"><div class=\"wpb_column vc_column_container vc_col-sm-6 zero-mobile-padding zero-mobile-margin\"><div class=\"vc_column-inner\"><div class=\"wpb_wrapper\">\n\t<div class=\"wpb_text_column wpb_content_element  vc_custom_1776049106510\" >\n\t\t<div class=\"wpb_wrapper\">\n\t\t\t<h2 style=\"text-align: left;\">Se\u00e7kin Otel Restaurant<\/h2>\n\n\t\t<\/div>\n\t<\/div>\n\n\t<div class=\"wpb_text_column wpb_content_element\" >\n\t\t<div class=\"wpb_wrapper\">\n\t\t\t<p style=\"text-align: justify;\">\u0130\u015fletmemiz 1980 &#8211; 1993 y\u0131llar\u0131 aras\u0131nda Kazda\u011f\u0131 etekleri k\u00fc\u00e7\u00fckkuyu beldesinde denize s\u0131f\u0131r konumlanm\u0131\u015f restaurant i\u015fletmesi olarak hizmet veriyordu artan yo\u011fun talep ve ilgi \u00fczerine 1993 y\u0131l\u0131nda otelimizi hizmete act\u0131k. Kazda\u011f\u0131 Otelleri aras\u0131nda rahat, sessiz, sade, konforlu ve butik tarz\u0131 k\u00fc\u00e7\u00fck bir oteldir. 24 saat a\u00e7\u0131k resepsiyonu ile deniz manzaral\u0131 standart 4 suit, deniz manzaral\u0131 5 \u00e7ift ki\u015filik oda , deniz manzaral\u0131 lux suit 1 oda, deniz manzaral\u0131 lux \u00e7ift ki\u015filik 1 oda olmak \u00fczere toplamda 11 oda 35 yatak kapasitelidir. T\u00fcm odalarda klima, kalorifer, tv, minibar, ve sa\u00e7 kurutma makinesi mevcuttur. , Se\u00e7kin Otel restorant, beach, bar, plaj, decobar ve a la carte mutfa\u011f\u0131 ile hizmet vermektedir.<\/p>\n\n\t\t<\/div>\n\t<\/div>\n<\/div><\/div><\/div><div class=\"wpb_column vc_column_container vc_col-sm-6\"><div class=\"vc_column-inner\"><div class=\"wpb_wrapper\">\n\t<div  class=\"wpb_single_image wpb_content_element vc_align_right\">\n\t\t\n\t\t<figure class=\"wpb_wrapper vc_figure\">\n\t\t\t<div class=\"vc_single_image-wrapper img-wrapper   vc_box_border_grey\"><img width=\"670\" height=\"520\" src=\"https:\/\/1.seckinotelrestaurant.com\/wp-content\/uploads\/2023\/04\/sagkisimnewfiord.jpg\" class=\"vc_single_image-img attachment-full\" alt=\"\" loading=\"lazy\" srcset=\"https:\/\/1.seckinotelrestaurant.com\/wp-content\/uploads\/2023\/04\/sagkisimnewfiord.jpg 670w, https:\/\/1.seckinotelrestaurant.com\/wp-content\/uploads\/2023\/04\/sagkisimnewfiord-300x233.jpg 300w, https:\/\/1.seckinotelrestaurant.com\/wp-content\/uploads\/2023\/04\/sagkisimnewfiord-15x12.jpg 15w\" sizes=\"(max-width: 670px) 100vw, 670px\" \/><\/div>\n\t\t<\/figure>\n\t<\/div>\n<\/div><\/div><\/div><\/div><div data-vc-full-width=\"true\" data-vc-full-width-init=\"false\" class=\"vc_row wpb_row vc_row-fluid vc_custom_1537989181048 vc_row-has-fill vc_column-gap-0\"><div class=\"wpb_column vc_column_container vc_col-sm-12\"><div class=\"vc_column-inner\"><div class=\"wpb_wrapper\"><div class=\"vc_row wpb_row vc_inner vc_row-fluid vc_custom_1537988042258 vc_row-has-fill vc_row-o-content-middle vc_row-flex\"><div class=\"wpb_column vc_column_container vc_col-sm-6\"><div class=\"vc_column-inner vc_custom_1537989443441\"><div class=\"wpb_wrapper\"><h2 style=\"color: #000000;text-align: center\" class=\"vc_custom_heading vc_custom_1655373922957\" >Pool &amp; Beach<\/h2>\n\t<div class=\"wpb_text_column wpb_content_element\" >\n\t\t<div class=\"wpb_wrapper\">\n\t\t\t<p style=\"text-align: justify;\">You will have a special experience where you can redefine comfort at our private beach, which brings you, your family or loved ones together with every shade of blue, and where you can enjoy your holiday to the fullest in our adult and children&#039;s pools.<\/p>\n\n\t\t<\/div>\n\t<\/div>\n<span  id=\"wofcb-3\" class=\"ozy-custom_button_w\"><a id=\"ofcb-3\" style=\"--data-bordercolor:#c19b76\" class=\"ozy-custom_button ocbtn-1\"  href=\"#\"  target=\"_self\" ><\/a><\/span><\/div><\/div><\/div><div class=\"wpb_column vc_column_container vc_col-sm-6\"><div class=\"vc_column-inner vc_custom_1537987996656\"><div class=\"wpb_wrapper\">\n\t<div  class=\"wpb_single_image wpb_content_element vc_align_center  wpb_animate_when_almost_visible wpb_fadeIn fadeIn vc_custom_1655376342496\">\n\t\t\n\t\t<figure class=\"wpb_wrapper vc_figure\">\n\t\t\t<div class=\"vc_single_image-wrapper img-wrapper   vc_box_border_grey\"><img width=\"600\" height=\"600\" src=\"https:\/\/1.seckinotelrestaurant.com\/wp-content\/uploads\/2022\/06\/newfiordhotel-oren-tatil-1.jpg\" class=\"vc_single_image-img attachment-full\" alt=\"\" loading=\"lazy\" srcset=\"https:\/\/1.seckinotelrestaurant.com\/wp-content\/uploads\/2022\/06\/newfiordhotel-oren-tatil-1.jpg 600w, https:\/\/1.seckinotelrestaurant.com\/wp-content\/uploads\/2022\/06\/newfiordhotel-oren-tatil-1-300x300.jpg 300w, https:\/\/1.seckinotelrestaurant.com\/wp-content\/uploads\/2022\/06\/newfiordhotel-oren-tatil-1-150x150.jpg 150w\" sizes=\"(max-width: 600px) 100vw, 600px\" \/><\/div>\n\t\t<\/figure>\n\t<\/div>\n<\/div><\/div><\/div><\/div><div class=\"vc_row wpb_row vc_inner vc_row-fluid vc_custom_1537988042258 vc_row-has-fill vc_row-o-content-middle vc_row-flex\"><div class=\"wpb_column vc_column_container vc_col-sm-6\"><div class=\"vc_column-inner vc_custom_1537988850850\"><div class=\"wpb_wrapper\">\n\t<div  class=\"wpb_single_image wpb_content_element vc_align_center  wpb_animate_when_almost_visible wpb_fadeIn fadeIn vc_custom_1655376572774\">\n\t\t\n\t\t<figure class=\"wpb_wrapper vc_figure\">\n\t\t\t<div class=\"vc_single_image-wrapper img-wrapper   vc_box_border_grey\"><img width=\"600\" height=\"600\" src=\"https:\/\/1.seckinotelrestaurant.com\/wp-content\/uploads\/2022\/06\/newfiordotel-oren-restaurant.jpg\" class=\"vc_single_image-img attachment-full\" alt=\"\" loading=\"lazy\" srcset=\"https:\/\/1.seckinotelrestaurant.com\/wp-content\/uploads\/2022\/06\/newfiordotel-oren-restaurant.jpg 600w, https:\/\/1.seckinotelrestaurant.com\/wp-content\/uploads\/2022\/06\/newfiordotel-oren-restaurant-300x300.jpg 300w, https:\/\/1.seckinotelrestaurant.com\/wp-content\/uploads\/2022\/06\/newfiordotel-oren-restaurant-150x150.jpg 150w\" sizes=\"(max-width: 600px) 100vw, 600px\" \/><\/div>\n\t\t<\/figure>\n\t<\/div>\n<\/div><\/div><\/div><div class=\"wpb_column vc_column_container vc_col-sm-6\"><div class=\"vc_column-inner vc_custom_1537989436882\"><div class=\"wpb_wrapper\"><h2 style=\"color: #000000;text-align: center\" class=\"vc_custom_heading vc_custom_1655373934385\" >Restaurant<\/h2>\n\t<div class=\"wpb_text_column wpb_content_element\" >\n\t\t<div class=\"wpb_wrapper\">\n\t\t\t<p style=\"text-align: justify;\">In our facility, which serves in Half Board Plus concept, breakfasts and dinners are prepared as open buffet.<\/p>\n<p>In the morning, juice, tea and water are free of charge. Water is also served free of charge at dinner. Apart from these, all drinks are subject to charge.<\/p>\n<p>You can meet your food and beverage needs from our Snack Bar and buffet during the day. Alcoholic beverages are also available.<\/p>\n\n\t\t<\/div>\n\t<\/div>\n<span  id=\"wofcb-4\" class=\"ozy-custom_button_w\"><a id=\"ofcb-4\" style=\"--data-bordercolor:#c19b76\" class=\"ozy-custom_button ocbtn-1\"  href=\"#\"  target=\"_self\" ><\/a><\/span><\/div><\/div><\/div><\/div><\/div><\/div><\/div><\/div><div class=\"vc_row-full-width vc_clearfix\"><\/div><div id=\"rooms\" data-vc-full-width=\"true\" data-vc-full-width-init=\"false\" data-vc-stretch-content=\"true\" class=\"vc_row wpb_row vc_row-fluid vc_custom_1655386240859 vc_column-gap-0 vc_row-no-padding\"><div class=\"wpb_column vc_column_container vc_col-sm-12\"><div class=\"vc_column-inner\"><div class=\"wpb_wrapper\"><p style=\"color: #c19b76;text-align: center\" class=\"vc_custom_heading\" >New Fiord Hotel Oren<\/p><h2 style=\"text-align: center\" class=\"vc_custom_heading vc_custom_1655374525799\" >Rooms<\/h2><div id=\"ovd-5\" class=\"ozy-vertical_divider wpb_content_element\"><span class=\"h6-size heading-font\"><\/span><\/div><div id=\"hero-post-slides-6\" class=\"hero-post-slides\">\t<div class=\"slides-cont\">\t\t<div class=\"slides wpb_content_element carousel\" data-flickity='{\"groupCells\": \"80%\", \"pageDots\": false, \"imagesLoaded\": true,  \"autoPlay\": false, \"pauseAutoPlayOnHover\": true, \"prevNextButtons\": true, \"cellAlign\": \"center\" }'><div class=\"slide carousel-cell\" style=\"background-image: url(data:image\/png;base64,R0lGODlhAQABAAD\/ACwAAAAAAQABAAACADs=);\" data-bgsrc=\"https:\/\/1.seckinotelrestaurant.com\/wp-content\/uploads\/2017\/05\/standartoda.jpg\">\t<div class=\"number\">01<\/div>\t<div class=\"body\">\t\t<div class=\"location\">New Fiord Hotel<\/div>\t\t<div class=\"headline heading-font-family\">Standard Room<\/div>\t\t<a href=\"https:\/\/1.seckinotelrestaurant.com\/en\/accommodation\/standart-oda\/\" target=\"_self\"><span class=\"link ozy-button auto\">View More<\/span><\/a>\t<\/div><\/div><div class=\"slide carousel-cell\" style=\"background-image: url(data:image\/png;base64,R0lGODlhAQABAAD\/ACwAAAAAAQABAAACADs=);\" data-bgsrc=\"https:\/\/1.seckinotelrestaurant.com\/wp-content\/uploads\/2017\/05\/aileodasi.jpg\">\t<div class=\"number\">02<\/div>\t<div class=\"body\">\t\t<div class=\"location\">New Fiord Hotel<\/div>\t\t<div class=\"headline heading-font-family\">Family room<\/div>\t\t<a href=\"https:\/\/1.seckinotelrestaurant.com\/en\/accommodation\/aile-odasi\/\" target=\"_self\"><span class=\"link ozy-button auto\">View More<\/span><\/a>\t<\/div><\/div><div class=\"slide carousel-cell\" style=\"background-image: url(data:image\/png;base64,R0lGODlhAQABAAD\/ACwAAAAAAQABAAACADs=);\" data-bgsrc=\"https:\/\/1.seckinotelrestaurant.com\/wp-content\/uploads\/2018\/05\/loftoda-2-1144x1525.jpg\">\t<div class=\"number\">03<\/div>\t<div class=\"body\">\t\t<div class=\"location\">New Fiord Hotel<\/div>\t\t<div class=\"headline heading-font-family\">Loft Floor Room<\/div>\t\t<a href=\"https:\/\/1.seckinotelrestaurant.com\/en\/accommodation\/loft-katli-oda\/\" target=\"_self\"><span class=\"link ozy-button auto\">View More<\/span><\/a>\t<\/div><\/div>\t\t<\/div>\t<\/div><\/div><\/div><\/div><\/div><\/div><div class=\"vc_row-full-width vc_clearfix\"><\/div>","protected":false},"excerpt":{"rendered":"There are 6 of this type of room. It is close to the detached style. There is an entrance floor and a loft floor. There are 2 single beds on the ground floor and optionally 2 single [...]","protected":false},"author":1,"featured_media":0,"parent":0,"menu_order":0,"comment_status":"closed","ping_status":"closed","template":"page-transparent-menu.php","meta":[],"yoast_head":"<!-- This site is optimized with the Yoast SEO plugin v19.1 - https:\/\/yoast.com\/wordpress\/plugins\/seo\/ -->\n<title>Se\u00e7kin Otel Restaurant - K\u00fc\u00e7\u00fckkuyu&#039;nun Se\u00e7kin Oteli<\/title>\n<meta name=\"description\" content=\"Otelimiz denize s\u0131f\u0131r olup, t\u00fcm odalar\u0131m\u0131z deniz manzaral\u0131d\u0131r. K\u00fc\u00e7\u00fckkuyu &#039;da otel ve restaurant denilince akla gelecek ilk isim Se\u00e7kin Otel &amp; Restaurant &#039;t\u0131r.\" \/>\n<meta name=\"robots\" content=\"index, follow, max-snippet:-1, max-image-preview:large, max-video-preview:-1\" \/>\n<link rel=\"canonical\" href=\"https:\/\/1.seckinotelrestaurant.com\/en\/\" \/>\n<meta property=\"og:locale\" content=\"en_US\" \/>\n<meta property=\"og:type\" content=\"article\" \/>\n<meta property=\"og:title\" content=\"Se\u00e7kin Otel Restaurant - K\u00fc\u00e7\u00fckkuyu&#039;nun Se\u00e7kin Oteli\" \/>\n<meta property=\"og:description\" content=\"Otelimiz denize s\u0131f\u0131r olup, t\u00fcm odalar\u0131m\u0131z deniz manzaral\u0131d\u0131r. K\u00fc\u00e7\u00fckkuyu &#039;da otel ve restaurant denilince akla gelecek ilk isim Se\u00e7kin Otel &amp; Restaurant &#039;t\u0131r.\" \/>\n<meta property=\"og:url\" content=\"https:\/\/1.seckinotelrestaurant.com\/en\/\" \/>\n<meta property=\"og:site_name\" content=\"Se\u00e7kin Otel Restaurant\" \/>\n<meta property=\"article:publisher\" content=\"https:\/\/www.facebook.com\/newfiordhotel\" \/>\n<meta property=\"article:modified_time\" content=\"2026-04-13T07:01:29+00:00\" \/>\n<meta name=\"twitter:card\" content=\"summary_large_image\" \/>\n<meta name=\"twitter:label1\" content=\"Est. reading time\" \/>\n\t<meta name=\"twitter:data1\" content=\"3 minutes\" \/>\n<script type=\"application\/ld+json\" class=\"yoast-schema-graph\">{\"@context\":\"https:\/\/schema.org\",\"@graph\":[{\"@type\":\"Organization\",\"@id\":\"https:\/\/1.seckinotelrestaurant.com\/#organization\",\"name\":\"New Fiord Hotel\",\"url\":\"https:\/\/1.seckinotelrestaurant.com\/\",\"sameAs\":[\"https:\/\/www.instagram.com\/newfiordhotel\",\"https:\/\/www.facebook.com\/newfiordhotel\"],\"logo\":{\"@type\":\"ImageObject\",\"inLanguage\":\"en-US\",\"@id\":\"https:\/\/1.seckinotelrestaurant.com\/#\/schema\/logo\/image\/\",\"url\":\"https:\/\/www.newfiordhotel.com\/wp-content\/uploads\/2022\/06\/icon.png\",\"contentUrl\":\"https:\/\/www.newfiordhotel.com\/wp-content\/uploads\/2022\/06\/icon.png\",\"width\":512,\"height\":512,\"caption\":\"New Fiord Hotel\"},\"image\":{\"@id\":\"https:\/\/1.seckinotelrestaurant.com\/#\/schema\/logo\/image\/\"}},{\"@type\":\"WebSite\",\"@id\":\"https:\/\/1.seckinotelrestaurant.com\/#website\",\"url\":\"https:\/\/1.seckinotelrestaurant.com\/\",\"name\":\"Se\u00e7kin Otel Restaurant\",\"description\":\"K\u00fc\u00e7\u00fckkuyu&#039;nun Se\u00e7kin Oteli\",\"publisher\":{\"@id\":\"https:\/\/1.seckinotelrestaurant.com\/#organization\"},\"potentialAction\":[{\"@type\":\"SearchAction\",\"target\":{\"@type\":\"EntryPoint\",\"urlTemplate\":\"https:\/\/1.seckinotelrestaurant.com\/?s={search_term_string}\"},\"query-input\":\"required name=search_term_string\"}],\"inLanguage\":\"en-US\"},{\"@type\":\"WebPage\",\"@id\":\"https:\/\/1.seckinotelrestaurant.com\/#webpage\",\"url\":\"https:\/\/1.seckinotelrestaurant.com\/\",\"name\":\"Se\u00e7kin Otel Restaurant - K\u00fc\u00e7\u00fckkuyu'nun Se\u00e7kin Oteli\",\"isPartOf\":{\"@id\":\"https:\/\/1.seckinotelrestaurant.com\/#website\"},\"datePublished\":\"2018-09-03T19:11:29+00:00\",\"dateModified\":\"2026-04-13T07:01:29+00:00\",\"description\":\"Otelimiz denize s\u0131f\u0131r olup, t\u00fcm odalar\u0131m\u0131z deniz manzaral\u0131d\u0131r. K\u00fc\u00e7\u00fckkuyu 'da otel ve restaurant denilince akla gelecek ilk isim Se\u00e7kin Otel & Restaurant 't\u0131r.\",\"breadcrumb\":{\"@id\":\"https:\/\/1.seckinotelrestaurant.com\/#breadcrumb\"},\"inLanguage\":\"en-US\",\"potentialAction\":[{\"@type\":\"ReadAction\",\"target\":[\"https:\/\/1.seckinotelrestaurant.com\/\"]}]},{\"@type\":\"BreadcrumbList\",\"@id\":\"https:\/\/1.seckinotelrestaurant.com\/#breadcrumb\",\"itemListElement\":[{\"@type\":\"ListItem\",\"position\":1,\"name\":\"Anasayfa\",\"item\":\"https:\/\/1.seckinotelrestaurant.com\/\"},{\"@type\":\"ListItem\",\"position\":2,\"name\":\"Ana Sayfa\"}]}]}<\/script>\n<!-- \/ Yoast SEO plugin. -->","yoast_head_json":{"title":"Se\u00e7kin Otel Restaurant - K\u00fc\u00e7\u00fckkuyu'nun Se\u00e7kin Oteli","description":"Otelimiz denize s\u0131f\u0131r olup, t\u00fcm odalar\u0131m\u0131z deniz manzaral\u0131d\u0131r. K\u00fc\u00e7\u00fckkuyu 'da otel ve restaurant denilince akla gelecek ilk isim Se\u00e7kin Otel & Restaurant 't\u0131r.","robots":{"index":"index","follow":"follow","max-snippet":"max-snippet:-1","max-image-preview":"max-image-preview:large","max-video-preview":"max-video-preview:-1"},"canonical":"https:\/\/1.seckinotelrestaurant.com\/en\/","og_locale":"en_US","og_type":"article","og_title":"Se\u00e7kin Otel Restaurant - K\u00fc\u00e7\u00fckkuyu'nun Se\u00e7kin Oteli","og_description":"Otelimiz denize s\u0131f\u0131r olup, t\u00fcm odalar\u0131m\u0131z deniz manzaral\u0131d\u0131r. K\u00fc\u00e7\u00fckkuyu 'da otel ve restaurant denilince akla gelecek ilk isim Se\u00e7kin Otel & Restaurant 't\u0131r.","og_url":"https:\/\/1.seckinotelrestaurant.com\/en\/","og_site_name":"Se\u00e7kin Otel Restaurant","article_publisher":"https:\/\/www.facebook.com\/newfiordhotel","article_modified_time":"2026-04-13T07:01:29+00:00","twitter_card":"summary_large_image","twitter_misc":{"Est. reading time":"3 minutes"},"schema":{"@context":"https:\/\/schema.org","@graph":[{"@type":"Organization","@id":"https:\/\/1.seckinotelrestaurant.com\/#organization","name":"New Fiord Hotel","url":"https:\/\/1.seckinotelrestaurant.com\/","sameAs":["https:\/\/www.instagram.com\/newfiordhotel","https:\/\/www.facebook.com\/newfiordhotel"],"logo":{"@type":"ImageObject","inLanguage":"en-US","@id":"https:\/\/1.seckinotelrestaurant.com\/#\/schema\/logo\/image\/","url":"https:\/\/www.newfiordhotel.com\/wp-content\/uploads\/2022\/06\/icon.png","contentUrl":"https:\/\/www.newfiordhotel.com\/wp-content\/uploads\/2022\/06\/icon.png","width":512,"height":512,"caption":"New Fiord Hotel"},"image":{"@id":"https:\/\/1.seckinotelrestaurant.com\/#\/schema\/logo\/image\/"}},{"@type":"WebSite","@id":"https:\/\/1.seckinotelrestaurant.com\/#website","url":"https:\/\/1.seckinotelrestaurant.com\/","name":"Se\u00e7kin Otel Restaurant","description":"K\u00fc\u00e7\u00fckkuyu&#039;nun Se\u00e7kin Oteli","publisher":{"@id":"https:\/\/1.seckinotelrestaurant.com\/#organization"},"potentialAction":[{"@type":"SearchAction","target":{"@type":"EntryPoint","urlTemplate":"https:\/\/1.seckinotelrestaurant.com\/?s={search_term_string}"},"query-input":"required name=search_term_string"}],"inLanguage":"en-US"},{"@type":"WebPage","@id":"https:\/\/1.seckinotelrestaurant.com\/#webpage","url":"https:\/\/1.seckinotelrestaurant.com\/","name":"Se\u00e7kin Otel Restaurant - K\u00fc\u00e7\u00fckkuyu'nun Se\u00e7kin Oteli","isPartOf":{"@id":"https:\/\/1.seckinotelrestaurant.com\/#website"},"datePublished":"2018-09-03T19:11:29+00:00","dateModified":"2026-04-13T07:01:29+00:00","description":"Otelimiz denize s\u0131f\u0131r olup, t\u00fcm odalar\u0131m\u0131z deniz manzaral\u0131d\u0131r. K\u00fc\u00e7\u00fckkuyu 'da otel ve restaurant denilince akla gelecek ilk isim Se\u00e7kin Otel & Restaurant 't\u0131r.","breadcrumb":{"@id":"https:\/\/1.seckinotelrestaurant.com\/#breadcrumb"},"inLanguage":"en-US","potentialAction":[{"@type":"ReadAction","target":["https:\/\/1.seckinotelrestaurant.com\/"]}]},{"@type":"BreadcrumbList","@id":"https:\/\/1.seckinotelrestaurant.com\/#breadcrumb","itemListElement":[{"@type":"ListItem","position":1,"name":"Anasayfa","item":"https:\/\/1.seckinotelrestaurant.com\/"},{"@type":"ListItem","position":2,"name":"Ana Sayfa"}]}]}},"_links":{"self":[{"href":"https:\/\/1.seckinotelrestaurant.com\/en\/wp-json\/wp\/v2\/pages\/15"}],"collection":[{"href":"https:\/\/1.seckinotelrestaurant.com\/en\/wp-json\/wp\/v2\/pages"}],"about":[{"href":"https:\/\/1.seckinotelrestaurant.com\/en\/wp-json\/wp\/v2\/types\/page"}],"author":[{"embeddable":true,"href":"https:\/\/1.seckinotelrestaurant.com\/en\/wp-json\/wp\/v2\/users\/1"}],"replies":[{"embeddable":true,"href":"https:\/\/1.seckinotelrestaurant.com\/en\/wp-json\/wp\/v2\/comments?post=15"}],"version-history":[{"count":45,"href":"https:\/\/1.seckinotelrestaurant.com\/en\/wp-json\/wp\/v2\/pages\/15\/revisions"}],"predecessor-version":[{"id":2483,"href":"https:\/\/1.seckinotelrestaurant.com\/en\/wp-json\/wp\/v2\/pages\/15\/revisions\/2483"}],"wp:attachment":[{"href":"https:\/\/1.seckinotelrestaurant.com\/en\/wp-json\/wp\/v2\/media?parent=15"}],"curies":[{"name":"wp","href":"https:\/\/api.w.org\/{rel}","templated":true}]}}