{"id":1471,"date":"2018-11-07T17:17:41","date_gmt":"2018-11-07T17:17:41","guid":{"rendered":"https:\/\/sunway.freevision.me\/?page_id=1471"},"modified":"2023-02-26T10:41:18","modified_gmt":"2023-02-26T10:41:18","slug":"odalar","status":"publish","type":"page","link":"https:\/\/1.seckinotelrestaurant.com\/en\/odalar\/","title":{"rendered":"Rooms"},"content":{"rendered":"<div class=\"vc_row wpb_row vc_row-fluid vc_column-gap-0\"><div class=\"wpb_column vc_column_container vc_col-sm-12\"><div class=\"vc_column-inner\"><div class=\"wpb_wrapper\"><div class=\"vc_empty_space\"   style=\"height: 85px\"><span class=\"vc_empty_space_inner\"><\/span><\/div><\/div><\/div><\/div><\/div><div id=\"roomlist\" class=\"vc_row wpb_row vc_row-fluid vc_column-gap-0\"><div class=\"wpb_column vc_column_container vc_col-sm-12\"><div class=\"vc_column-inner\"><div class=\"wpb_wrapper\"><\/div><\/div><\/div><\/div>","protected":false},"excerpt":{"rendered":"","protected":false},"author":1,"featured_media":0,"parent":0,"menu_order":0,"comment_status":"closed","ping_status":"closed","template":"page-rooms-big.php","meta":[],"yoast_head":"<!-- This site is optimized with the Yoast SEO plugin v19.1 - https:\/\/yoast.com\/wordpress\/plugins\/seo\/ -->\n<title>Odalar - Se\u00e7kin Otel Restaurant<\/title>\n<meta name=\"robots\" content=\"index, follow, max-snippet:-1, max-image-preview:large, max-video-preview:-1\" \/>\n<link rel=\"canonical\" href=\"https:\/\/1.seckinotelrestaurant.com\/en\/odalar\/\" \/>\n<meta property=\"og:locale\" content=\"en_US\" \/>\n<meta property=\"og:type\" content=\"article\" \/>\n<meta property=\"og:title\" content=\"Odalar - Se\u00e7kin Otel Restaurant\" \/>\n<meta property=\"og:url\" content=\"https:\/\/1.seckinotelrestaurant.com\/en\/odalar\/\" \/>\n<meta property=\"og:site_name\" content=\"Se\u00e7kin Otel Restaurant\" \/>\n<meta property=\"article:publisher\" content=\"https:\/\/www.facebook.com\/newfiordhotel\" \/>\n<meta property=\"article:modified_time\" content=\"2023-02-26T10:41:18+00:00\" \/>\n<meta name=\"twitter:card\" content=\"summary_large_image\" \/>\n<meta name=\"twitter:label1\" content=\"Est. reading time\" \/>\n\t<meta name=\"twitter:data1\" content=\"1 minute\" \/>\n<script type=\"application\/ld+json\" class=\"yoast-schema-graph\">{\"@context\":\"https:\/\/schema.org\",\"@graph\":[{\"@type\":\"Organization\",\"@id\":\"https:\/\/1.seckinotelrestaurant.com\/#organization\",\"name\":\"New Fiord Hotel\",\"url\":\"https:\/\/1.seckinotelrestaurant.com\/\",\"sameAs\":[\"https:\/\/www.instagram.com\/newfiordhotel\",\"https:\/\/www.facebook.com\/newfiordhotel\"],\"logo\":{\"@type\":\"ImageObject\",\"inLanguage\":\"en-US\",\"@id\":\"https:\/\/1.seckinotelrestaurant.com\/#\/schema\/logo\/image\/\",\"url\":\"https:\/\/www.newfiordhotel.com\/wp-content\/uploads\/2022\/06\/icon.png\",\"contentUrl\":\"https:\/\/www.newfiordhotel.com\/wp-content\/uploads\/2022\/06\/icon.png\",\"width\":512,\"height\":512,\"caption\":\"New Fiord Hotel\"},\"image\":{\"@id\":\"https:\/\/1.seckinotelrestaurant.com\/#\/schema\/logo\/image\/\"}},{\"@type\":\"WebSite\",\"@id\":\"https:\/\/1.seckinotelrestaurant.com\/#website\",\"url\":\"https:\/\/1.seckinotelrestaurant.com\/\",\"name\":\"Se\u00e7kin Otel Restaurant\",\"description\":\"K\u00fc\u00e7\u00fckkuyu&#039;nun Se\u00e7kin Oteli\",\"publisher\":{\"@id\":\"https:\/\/1.seckinotelrestaurant.com\/#organization\"},\"potentialAction\":[{\"@type\":\"SearchAction\",\"target\":{\"@type\":\"EntryPoint\",\"urlTemplate\":\"https:\/\/1.seckinotelrestaurant.com\/?s={search_term_string}\"},\"query-input\":\"required name=search_term_string\"}],\"inLanguage\":\"en-US\"},{\"@type\":\"WebPage\",\"@id\":\"https:\/\/1.seckinotelrestaurant.com\/odalar\/#webpage\",\"url\":\"https:\/\/1.seckinotelrestaurant.com\/odalar\/\",\"name\":\"Odalar - Se\u00e7kin Otel Restaurant\",\"isPartOf\":{\"@id\":\"https:\/\/1.seckinotelrestaurant.com\/#website\"},\"datePublished\":\"2018-11-07T17:17:41+00:00\",\"dateModified\":\"2023-02-26T10:41:18+00:00\",\"breadcrumb\":{\"@id\":\"https:\/\/1.seckinotelrestaurant.com\/odalar\/#breadcrumb\"},\"inLanguage\":\"en-US\",\"potentialAction\":[{\"@type\":\"ReadAction\",\"target\":[\"https:\/\/1.seckinotelrestaurant.com\/odalar\/\"]}]},{\"@type\":\"BreadcrumbList\",\"@id\":\"https:\/\/1.seckinotelrestaurant.com\/odalar\/#breadcrumb\",\"itemListElement\":[{\"@type\":\"ListItem\",\"position\":1,\"name\":\"Anasayfa\",\"item\":\"https:\/\/1.seckinotelrestaurant.com\/\"},{\"@type\":\"ListItem\",\"position\":2,\"name\":\"Odalar\"}]}]}<\/script>\n<!-- \/ Yoast SEO plugin. -->","yoast_head_json":{"title":"Odalar - Se\u00e7kin Otel Restaurant","robots":{"index":"index","follow":"follow","max-snippet":"max-snippet:-1","max-image-preview":"max-image-preview:large","max-video-preview":"max-video-preview:-1"},"canonical":"https:\/\/1.seckinotelrestaurant.com\/en\/odalar\/","og_locale":"en_US","og_type":"article","og_title":"Odalar - Se\u00e7kin Otel Restaurant","og_url":"https:\/\/1.seckinotelrestaurant.com\/en\/odalar\/","og_site_name":"Se\u00e7kin Otel Restaurant","article_publisher":"https:\/\/www.facebook.com\/newfiordhotel","article_modified_time":"2023-02-26T10:41:18+00:00","twitter_card":"summary_large_image","twitter_misc":{"Est. reading time":"1 minute"},"schema":{"@context":"https:\/\/schema.org","@graph":[{"@type":"Organization","@id":"https:\/\/1.seckinotelrestaurant.com\/#organization","name":"New Fiord Hotel","url":"https:\/\/1.seckinotelrestaurant.com\/","sameAs":["https:\/\/www.instagram.com\/newfiordhotel","https:\/\/www.facebook.com\/newfiordhotel"],"logo":{"@type":"ImageObject","inLanguage":"en-US","@id":"https:\/\/1.seckinotelrestaurant.com\/#\/schema\/logo\/image\/","url":"https:\/\/www.newfiordhotel.com\/wp-content\/uploads\/2022\/06\/icon.png","contentUrl":"https:\/\/www.newfiordhotel.com\/wp-content\/uploads\/2022\/06\/icon.png","width":512,"height":512,"caption":"New Fiord Hotel"},"image":{"@id":"https:\/\/1.seckinotelrestaurant.com\/#\/schema\/logo\/image\/"}},{"@type":"WebSite","@id":"https:\/\/1.seckinotelrestaurant.com\/#website","url":"https:\/\/1.seckinotelrestaurant.com\/","name":"Se\u00e7kin Otel Restaurant","description":"K\u00fc\u00e7\u00fckkuyu&#039;nun Se\u00e7kin Oteli","publisher":{"@id":"https:\/\/1.seckinotelrestaurant.com\/#organization"},"potentialAction":[{"@type":"SearchAction","target":{"@type":"EntryPoint","urlTemplate":"https:\/\/1.seckinotelrestaurant.com\/?s={search_term_string}"},"query-input":"required name=search_term_string"}],"inLanguage":"en-US"},{"@type":"WebPage","@id":"https:\/\/1.seckinotelrestaurant.com\/odalar\/#webpage","url":"https:\/\/1.seckinotelrestaurant.com\/odalar\/","name":"Odalar - Se\u00e7kin Otel Restaurant","isPartOf":{"@id":"https:\/\/1.seckinotelrestaurant.com\/#website"},"datePublished":"2018-11-07T17:17:41+00:00","dateModified":"2023-02-26T10:41:18+00:00","breadcrumb":{"@id":"https:\/\/1.seckinotelrestaurant.com\/odalar\/#breadcrumb"},"inLanguage":"en-US","potentialAction":[{"@type":"ReadAction","target":["https:\/\/1.seckinotelrestaurant.com\/odalar\/"]}]},{"@type":"BreadcrumbList","@id":"https:\/\/1.seckinotelrestaurant.com\/odalar\/#breadcrumb","itemListElement":[{"@type":"ListItem","position":1,"name":"Anasayfa","item":"https:\/\/1.seckinotelrestaurant.com\/"},{"@type":"ListItem","position":2,"name":"Odalar"}]}]}},"_links":{"self":[{"href":"https:\/\/1.seckinotelrestaurant.com\/en\/wp-json\/wp\/v2\/pages\/1471"}],"collection":[{"href":"https:\/\/1.seckinotelrestaurant.com\/en\/wp-json\/wp\/v2\/pages"}],"about":[{"href":"https:\/\/1.seckinotelrestaurant.com\/en\/wp-json\/wp\/v2\/types\/page"}],"author":[{"embeddable":true,"href":"https:\/\/1.seckinotelrestaurant.com\/en\/wp-json\/wp\/v2\/users\/1"}],"replies":[{"embeddable":true,"href":"https:\/\/1.seckinotelrestaurant.com\/en\/wp-json\/wp\/v2\/comments?post=1471"}],"version-history":[{"count":8,"href":"https:\/\/1.seckinotelrestaurant.com\/en\/wp-json\/wp\/v2\/pages\/1471\/revisions"}],"predecessor-version":[{"id":2370,"href":"https:\/\/1.seckinotelrestaurant.com\/en\/wp-json\/wp\/v2\/pages\/1471\/revisions\/2370"}],"wp:attachment":[{"href":"https:\/\/1.seckinotelrestaurant.com\/en\/wp-json\/wp\/v2\/media?parent=1471"}],"curies":[{"name":"wp","href":"https:\/\/api.w.org\/{rel}","templated":true}]}}