{"id":1085,"date":"2018-10-11T18:12:11","date_gmt":"2018-10-11T18:12:11","guid":{"rendered":"https:\/\/sunway.freevision.me\/?page_id=1085"},"modified":"2025-05-31T10:30:19","modified_gmt":"2025-05-31T10:30:19","slug":"galeri","status":"publish","type":"page","link":"https:\/\/1.seckinotelrestaurant.com\/en\/galeri\/","title":{"rendered":"Gallery"},"content":{"rendered":"<div class=\"vc_row wpb_row vc_row-fluid vc_custom_1539281504374 vc_column-gap-0\"><div class=\"wpb_column vc_column_container vc_col-sm-12\"><div class=\"vc_column-inner\"><div class=\"wpb_wrapper\"><h1 style=\"text-align: center\" class=\"vc_custom_heading\" >Photo gallery<\/h1><p style=\"text-align: center\" class=\"vc_custom_heading\" >Discover New Fiord<\/p><\/div><\/div><\/div><\/div><div data-vc-full-width=\"true\" data-vc-full-width-init=\"false\" data-vc-stretch-content=\"true\" class=\"vc_row wpb_row vc_row-fluid vc_custom_1543003480752 vc_column-gap-0\"><div class=\"wpb_column vc_column_container vc_col-sm-12\"><div class=\"vc_column-inner\"><div class=\"wpb_wrapper\"><ul class=\"ozy-mosaic_gallery\" id=\"mosaic-gallery-1\"><div class=\"grid-sizer\"><\/div><div class=\"gutter-sizer\"><\/div><li class=\"gallery-item\"><a href=\"https:\/\/1.seckinotelrestaurant.com\/wp-content\/uploads\/2025\/05\/yeni1.jpg\"><img src=\"https:\/\/1.seckinotelrestaurant.com\/wp-content\/uploads\/2025\/05\/yeni1-1024x767.jpg\" alt=\"\"\/><span><\/span><\/a><\/li><li class=\"gallery-item\"><a href=\"https:\/\/1.seckinotelrestaurant.com\/wp-content\/uploads\/2022\/06\/24.jpg\"><img src=\"https:\/\/1.seckinotelrestaurant.com\/wp-content\/uploads\/2022\/06\/24-1024x683.jpg\" alt=\"\"\/><span><\/span><\/a><\/li><li class=\"gallery-item\"><a href=\"https:\/\/1.seckinotelrestaurant.com\/wp-content\/uploads\/2022\/06\/28.jpg\"><img src=\"https:\/\/1.seckinotelrestaurant.com\/wp-content\/uploads\/2022\/06\/28-1024x683.jpg\" alt=\"\"\/><span><\/span><\/a><\/li><li class=\"gallery-item\"><a href=\"https:\/\/1.seckinotelrestaurant.com\/wp-content\/uploads\/2022\/06\/20.jpg\"><img src=\"https:\/\/1.seckinotelrestaurant.com\/wp-content\/uploads\/2022\/06\/20-1024x683.jpg\" alt=\"\"\/><span><\/span><\/a><\/li><li class=\"gallery-item\"><a href=\"https:\/\/1.seckinotelrestaurant.com\/wp-content\/uploads\/2022\/06\/12.jpg\"><img src=\"https:\/\/1.seckinotelrestaurant.com\/wp-content\/uploads\/2022\/06\/12-1024x683.jpg\" alt=\"\"\/><span><\/span><\/a><\/li><li class=\"gallery-item\"><a href=\"https:\/\/1.seckinotelrestaurant.com\/wp-content\/uploads\/2022\/06\/kahvalti.jpeg\"><img src=\"https:\/\/1.seckinotelrestaurant.com\/wp-content\/uploads\/2022\/06\/kahvalti-1024x683.jpeg\" alt=\"\"\/><span><\/span><\/a><\/li><li class=\"gallery-item\"><a href=\"https:\/\/1.seckinotelrestaurant.com\/wp-content\/uploads\/2022\/06\/22.jpg\"><img src=\"https:\/\/1.seckinotelrestaurant.com\/wp-content\/uploads\/2022\/06\/22-1024x683.jpg\" alt=\"\"\/><span><\/span><\/a><\/li><li class=\"gallery-item\"><a href=\"https:\/\/1.seckinotelrestaurant.com\/wp-content\/uploads\/2022\/06\/7.jpg\"><img src=\"https:\/\/1.seckinotelrestaurant.com\/wp-content\/uploads\/2022\/06\/7-1024x683.jpg\" alt=\"\"\/><span><\/span><\/a><\/li><li class=\"gallery-item\"><a href=\"https:\/\/1.seckinotelrestaurant.com\/wp-content\/uploads\/2023\/07\/loftoda.jpg\"><img src=\"https:\/\/1.seckinotelrestaurant.com\/wp-content\/uploads\/2023\/07\/loftoda.jpg\" alt=\"\"\/><span><\/span><\/a><\/li><li class=\"gallery-item\"><a href=\"https:\/\/1.seckinotelrestaurant.com\/wp-content\/uploads\/2022\/06\/30.jpg\"><img src=\"https:\/\/1.seckinotelrestaurant.com\/wp-content\/uploads\/2022\/06\/30-1024x683.jpg\" alt=\"\"\/><span><\/span><\/a><\/li><li class=\"gallery-item\"><a href=\"https:\/\/1.seckinotelrestaurant.com\/wp-content\/uploads\/2022\/06\/29.jpg\"><img src=\"https:\/\/1.seckinotelrestaurant.com\/wp-content\/uploads\/2022\/06\/29-1024x683.jpg\" alt=\"\"\/><span><\/span><\/a><\/li><li class=\"gallery-item\"><a href=\"https:\/\/1.seckinotelrestaurant.com\/wp-content\/uploads\/2023\/07\/kumsal.jpg\"><img src=\"https:\/\/1.seckinotelrestaurant.com\/wp-content\/uploads\/2023\/07\/kumsal.jpg\" alt=\"\"\/><span><\/span><\/a><\/li><li class=\"gallery-item\"><a href=\"https:\/\/1.seckinotelrestaurant.com\/wp-content\/uploads\/2023\/07\/genel.jpg\"><img src=\"https:\/\/1.seckinotelrestaurant.com\/wp-content\/uploads\/2023\/07\/genel-1024x576.jpg\" alt=\"\"\/><span><\/span><\/a><\/li><li class=\"gallery-item\"><a href=\"https:\/\/1.seckinotelrestaurant.com\/wp-content\/uploads\/2022\/06\/9.jpg\"><img src=\"https:\/\/1.seckinotelrestaurant.com\/wp-content\/uploads\/2022\/06\/9-1024x683.jpg\" alt=\"\"\/><span><\/span><\/a><\/li><li class=\"gallery-item\"><a href=\"https:\/\/1.seckinotelrestaurant.com\/wp-content\/uploads\/2022\/06\/10.jpg\"><img src=\"https:\/\/1.seckinotelrestaurant.com\/wp-content\/uploads\/2022\/06\/10-1024x683.jpg\" alt=\"\"\/><span><\/span><\/a><\/li><li class=\"gallery-item\"><a href=\"https:\/\/1.seckinotelrestaurant.com\/wp-content\/uploads\/2022\/06\/11.jpg\"><img src=\"https:\/\/1.seckinotelrestaurant.com\/wp-content\/uploads\/2022\/06\/11-1024x683.jpg\" alt=\"\"\/><span><\/span><\/a><\/li><li class=\"gallery-item\"><a href=\"https:\/\/1.seckinotelrestaurant.com\/wp-content\/uploads\/2022\/06\/15.jpg\"><img src=\"https:\/\/1.seckinotelrestaurant.com\/wp-content\/uploads\/2022\/06\/15-1024x683.jpg\" alt=\"\"\/><span><\/span><\/a><\/li><li class=\"gallery-item\"><a href=\"https:\/\/1.seckinotelrestaurant.com\/wp-content\/uploads\/2022\/06\/17.jpg\"><img src=\"https:\/\/1.seckinotelrestaurant.com\/wp-content\/uploads\/2022\/06\/17-1024x683.jpg\" alt=\"\"\/><span><\/span><\/a><\/li><li class=\"gallery-item\"><a href=\"https:\/\/1.seckinotelrestaurant.com\/wp-content\/uploads\/2022\/06\/13.jpg\"><img src=\"https:\/\/1.seckinotelrestaurant.com\/wp-content\/uploads\/2022\/06\/13-1024x683.jpg\" alt=\"\"\/><span><\/span><\/a><\/li><li class=\"gallery-item\"><a href=\"https:\/\/1.seckinotelrestaurant.com\/wp-content\/uploads\/2022\/06\/1.jpg\"><img src=\"https:\/\/1.seckinotelrestaurant.com\/wp-content\/uploads\/2022\/06\/1-1024x683.jpg\" alt=\"\"\/><span><\/span><\/a><\/li><li class=\"gallery-item\"><a href=\"https:\/\/1.seckinotelrestaurant.com\/wp-content\/uploads\/2022\/06\/19.jpg\"><img src=\"https:\/\/1.seckinotelrestaurant.com\/wp-content\/uploads\/2022\/06\/19-1024x683.jpg\" alt=\"\"\/><span><\/span><\/a><\/li><li class=\"gallery-item\"><a href=\"https:\/\/1.seckinotelrestaurant.com\/wp-content\/uploads\/2022\/06\/2.jpg\"><img src=\"https:\/\/1.seckinotelrestaurant.com\/wp-content\/uploads\/2022\/06\/2-1024x683.jpg\" alt=\"\"\/><span><\/span><\/a><\/li><li class=\"gallery-item\"><a href=\"https:\/\/1.seckinotelrestaurant.com\/wp-content\/uploads\/2022\/06\/14.jpg\"><img src=\"https:\/\/1.seckinotelrestaurant.com\/wp-content\/uploads\/2022\/06\/14-1024x683.jpg\" alt=\"\"\/><span><\/span><\/a><\/li><li class=\"gallery-item\"><a href=\"https:\/\/1.seckinotelrestaurant.com\/wp-content\/uploads\/2022\/06\/23.jpg\"><img src=\"https:\/\/1.seckinotelrestaurant.com\/wp-content\/uploads\/2022\/06\/23-1024x683.jpg\" alt=\"\"\/><span><\/span><\/a><\/li><li class=\"gallery-item\"><a href=\"https:\/\/1.seckinotelrestaurant.com\/wp-content\/uploads\/2022\/06\/16.jpg\"><img src=\"https:\/\/1.seckinotelrestaurant.com\/wp-content\/uploads\/2022\/06\/16-1024x683.jpg\" alt=\"\"\/><span><\/span><\/a><\/li><li class=\"gallery-item\"><a href=\"https:\/\/1.seckinotelrestaurant.com\/wp-content\/uploads\/2022\/06\/4.jpg\"><img src=\"https:\/\/1.seckinotelrestaurant.com\/wp-content\/uploads\/2022\/06\/4-1024x683.jpg\" alt=\"\"\/><span><\/span><\/a><\/li><li class=\"gallery-item\"><a href=\"https:\/\/1.seckinotelrestaurant.com\/wp-content\/uploads\/2022\/06\/25.jpg\"><img src=\"https:\/\/1.seckinotelrestaurant.com\/wp-content\/uploads\/2022\/06\/25-1024x683.jpg\" alt=\"\"\/><span><\/span><\/a><\/li><li class=\"gallery-item\"><a href=\"https:\/\/1.seckinotelrestaurant.com\/wp-content\/uploads\/2022\/06\/26.jpg\"><img src=\"https:\/\/1.seckinotelrestaurant.com\/wp-content\/uploads\/2022\/06\/26-1024x683.jpg\" alt=\"\"\/><span><\/span><\/a><\/li><li class=\"gallery-item\"><a href=\"https:\/\/1.seckinotelrestaurant.com\/wp-content\/uploads\/2022\/06\/18.jpg\"><img src=\"https:\/\/1.seckinotelrestaurant.com\/wp-content\/uploads\/2022\/06\/18-1024x683.jpg\" alt=\"\"\/><span><\/span><\/a><\/li><li class=\"gallery-item\"><a href=\"https:\/\/1.seckinotelrestaurant.com\/wp-content\/uploads\/2022\/06\/27.jpg\"><img src=\"https:\/\/1.seckinotelrestaurant.com\/wp-content\/uploads\/2022\/06\/27-1024x683.jpg\" alt=\"\"\/><span><\/span><\/a><\/li><li class=\"gallery-item\"><a href=\"https:\/\/1.seckinotelrestaurant.com\/wp-content\/uploads\/2022\/06\/6.jpg\"><img src=\"https:\/\/1.seckinotelrestaurant.com\/wp-content\/uploads\/2022\/06\/6-1024x683.jpg\" alt=\"\"\/><span><\/span><\/a><\/li><li class=\"gallery-item\"><a href=\"https:\/\/1.seckinotelrestaurant.com\/wp-content\/uploads\/2022\/06\/21.jpg\"><img src=\"https:\/\/1.seckinotelrestaurant.com\/wp-content\/uploads\/2022\/06\/21-1024x683.jpg\" alt=\"\"\/><span><\/span><\/a><\/li><li class=\"gallery-item\"><a href=\"https:\/\/1.seckinotelrestaurant.com\/wp-content\/uploads\/2022\/06\/31.jpg\"><img src=\"https:\/\/1.seckinotelrestaurant.com\/wp-content\/uploads\/2022\/06\/31-1024x683.jpg\" alt=\"\"\/><span><\/span><\/a><\/li><li class=\"gallery-item\"><a href=\"https:\/\/1.seckinotelrestaurant.com\/wp-content\/uploads\/2025\/05\/yeni2.jpg\"><img src=\"https:\/\/1.seckinotelrestaurant.com\/wp-content\/uploads\/2025\/05\/yeni2-1024x683.jpg\" alt=\"\"\/><span><\/span><\/a><\/li><li class=\"gallery-item\"><a href=\"https:\/\/1.seckinotelrestaurant.com\/wp-content\/uploads\/2025\/05\/yeni3.jpg\"><img src=\"https:\/\/1.seckinotelrestaurant.com\/wp-content\/uploads\/2025\/05\/yeni3-1024x683.jpg\" alt=\"\"\/><span><\/span><\/a><\/li><li class=\"gallery-item\"><a href=\"https:\/\/1.seckinotelrestaurant.com\/wp-content\/uploads\/2025\/05\/yeni4.jpg\"><img src=\"https:\/\/1.seckinotelrestaurant.com\/wp-content\/uploads\/2025\/05\/yeni4-1024x576.jpg\" alt=\"\"\/><span><\/span><\/a><\/li><\/ul><\/div><\/div><\/div><\/div><div class=\"vc_row-full-width vc_clearfix\"><\/div>","protected":false},"excerpt":{"rendered":"Photo GalleryDiscover New Fiord","protected":false},"author":1,"featured_media":0,"parent":0,"menu_order":0,"comment_status":"closed","ping_status":"closed","template":"","meta":[],"yoast_head":"<!-- This site is optimized with the Yoast SEO plugin v19.1 - https:\/\/yoast.com\/wordpress\/plugins\/seo\/ -->\n<title>Galeri - Se\u00e7kin Otel Restaurant<\/title>\n<meta name=\"robots\" content=\"index, follow, max-snippet:-1, max-image-preview:large, max-video-preview:-1\" \/>\n<link rel=\"canonical\" href=\"https:\/\/1.seckinotelrestaurant.com\/en\/galeri\/\" \/>\n<meta property=\"og:locale\" content=\"en_US\" \/>\n<meta property=\"og:type\" content=\"article\" \/>\n<meta property=\"og:title\" content=\"Galeri - Se\u00e7kin Otel Restaurant\" \/>\n<meta property=\"og:url\" content=\"https:\/\/1.seckinotelrestaurant.com\/en\/galeri\/\" \/>\n<meta property=\"og:site_name\" content=\"Se\u00e7kin Otel Restaurant\" \/>\n<meta property=\"article:publisher\" content=\"https:\/\/www.facebook.com\/newfiordhotel\" \/>\n<meta property=\"article:modified_time\" content=\"2025-05-31T10:30:19+00:00\" \/>\n<meta name=\"twitter:card\" content=\"summary_large_image\" \/>\n<meta name=\"twitter:label1\" content=\"Est. reading time\" \/>\n\t<meta name=\"twitter:data1\" content=\"1 minute\" \/>\n<script type=\"application\/ld+json\" class=\"yoast-schema-graph\">{\"@context\":\"https:\/\/schema.org\",\"@graph\":[{\"@type\":\"Organization\",\"@id\":\"https:\/\/1.seckinotelrestaurant.com\/#organization\",\"name\":\"New Fiord Hotel\",\"url\":\"https:\/\/1.seckinotelrestaurant.com\/\",\"sameAs\":[\"https:\/\/www.instagram.com\/newfiordhotel\",\"https:\/\/www.facebook.com\/newfiordhotel\"],\"logo\":{\"@type\":\"ImageObject\",\"inLanguage\":\"en-US\",\"@id\":\"https:\/\/1.seckinotelrestaurant.com\/#\/schema\/logo\/image\/\",\"url\":\"https:\/\/www.newfiordhotel.com\/wp-content\/uploads\/2022\/06\/icon.png\",\"contentUrl\":\"https:\/\/www.newfiordhotel.com\/wp-content\/uploads\/2022\/06\/icon.png\",\"width\":512,\"height\":512,\"caption\":\"New Fiord Hotel\"},\"image\":{\"@id\":\"https:\/\/1.seckinotelrestaurant.com\/#\/schema\/logo\/image\/\"}},{\"@type\":\"WebSite\",\"@id\":\"https:\/\/1.seckinotelrestaurant.com\/#website\",\"url\":\"https:\/\/1.seckinotelrestaurant.com\/\",\"name\":\"Se\u00e7kin Otel Restaurant\",\"description\":\"K\u00fc\u00e7\u00fckkuyu&#039;nun Se\u00e7kin Oteli\",\"publisher\":{\"@id\":\"https:\/\/1.seckinotelrestaurant.com\/#organization\"},\"potentialAction\":[{\"@type\":\"SearchAction\",\"target\":{\"@type\":\"EntryPoint\",\"urlTemplate\":\"https:\/\/1.seckinotelrestaurant.com\/?s={search_term_string}\"},\"query-input\":\"required name=search_term_string\"}],\"inLanguage\":\"en-US\"},{\"@type\":\"WebPage\",\"@id\":\"https:\/\/1.seckinotelrestaurant.com\/galeri\/#webpage\",\"url\":\"https:\/\/1.seckinotelrestaurant.com\/galeri\/\",\"name\":\"Galeri - Se\u00e7kin Otel Restaurant\",\"isPartOf\":{\"@id\":\"https:\/\/1.seckinotelrestaurant.com\/#website\"},\"datePublished\":\"2018-10-11T18:12:11+00:00\",\"dateModified\":\"2025-05-31T10:30:19+00:00\",\"breadcrumb\":{\"@id\":\"https:\/\/1.seckinotelrestaurant.com\/galeri\/#breadcrumb\"},\"inLanguage\":\"en-US\",\"potentialAction\":[{\"@type\":\"ReadAction\",\"target\":[\"https:\/\/1.seckinotelrestaurant.com\/galeri\/\"]}]},{\"@type\":\"BreadcrumbList\",\"@id\":\"https:\/\/1.seckinotelrestaurant.com\/galeri\/#breadcrumb\",\"itemListElement\":[{\"@type\":\"ListItem\",\"position\":1,\"name\":\"Anasayfa\",\"item\":\"https:\/\/1.seckinotelrestaurant.com\/\"},{\"@type\":\"ListItem\",\"position\":2,\"name\":\"Galeri\"}]}]}<\/script>\n<!-- \/ Yoast SEO plugin. -->","yoast_head_json":{"title":"Galeri - Se\u00e7kin Otel Restaurant","robots":{"index":"index","follow":"follow","max-snippet":"max-snippet:-1","max-image-preview":"max-image-preview:large","max-video-preview":"max-video-preview:-1"},"canonical":"https:\/\/1.seckinotelrestaurant.com\/en\/galeri\/","og_locale":"en_US","og_type":"article","og_title":"Galeri - Se\u00e7kin Otel Restaurant","og_url":"https:\/\/1.seckinotelrestaurant.com\/en\/galeri\/","og_site_name":"Se\u00e7kin Otel Restaurant","article_publisher":"https:\/\/www.facebook.com\/newfiordhotel","article_modified_time":"2025-05-31T10:30:19+00:00","twitter_card":"summary_large_image","twitter_misc":{"Est. reading time":"1 minute"},"schema":{"@context":"https:\/\/schema.org","@graph":[{"@type":"Organization","@id":"https:\/\/1.seckinotelrestaurant.com\/#organization","name":"New Fiord Hotel","url":"https:\/\/1.seckinotelrestaurant.com\/","sameAs":["https:\/\/www.instagram.com\/newfiordhotel","https:\/\/www.facebook.com\/newfiordhotel"],"logo":{"@type":"ImageObject","inLanguage":"en-US","@id":"https:\/\/1.seckinotelrestaurant.com\/#\/schema\/logo\/image\/","url":"https:\/\/www.newfiordhotel.com\/wp-content\/uploads\/2022\/06\/icon.png","contentUrl":"https:\/\/www.newfiordhotel.com\/wp-content\/uploads\/2022\/06\/icon.png","width":512,"height":512,"caption":"New Fiord Hotel"},"image":{"@id":"https:\/\/1.seckinotelrestaurant.com\/#\/schema\/logo\/image\/"}},{"@type":"WebSite","@id":"https:\/\/1.seckinotelrestaurant.com\/#website","url":"https:\/\/1.seckinotelrestaurant.com\/","name":"Se\u00e7kin Otel Restaurant","description":"K\u00fc\u00e7\u00fckkuyu&#039;nun Se\u00e7kin Oteli","publisher":{"@id":"https:\/\/1.seckinotelrestaurant.com\/#organization"},"potentialAction":[{"@type":"SearchAction","target":{"@type":"EntryPoint","urlTemplate":"https:\/\/1.seckinotelrestaurant.com\/?s={search_term_string}"},"query-input":"required name=search_term_string"}],"inLanguage":"en-US"},{"@type":"WebPage","@id":"https:\/\/1.seckinotelrestaurant.com\/galeri\/#webpage","url":"https:\/\/1.seckinotelrestaurant.com\/galeri\/","name":"Galeri - Se\u00e7kin Otel Restaurant","isPartOf":{"@id":"https:\/\/1.seckinotelrestaurant.com\/#website"},"datePublished":"2018-10-11T18:12:11+00:00","dateModified":"2025-05-31T10:30:19+00:00","breadcrumb":{"@id":"https:\/\/1.seckinotelrestaurant.com\/galeri\/#breadcrumb"},"inLanguage":"en-US","potentialAction":[{"@type":"ReadAction","target":["https:\/\/1.seckinotelrestaurant.com\/galeri\/"]}]},{"@type":"BreadcrumbList","@id":"https:\/\/1.seckinotelrestaurant.com\/galeri\/#breadcrumb","itemListElement":[{"@type":"ListItem","position":1,"name":"Anasayfa","item":"https:\/\/1.seckinotelrestaurant.com\/"},{"@type":"ListItem","position":2,"name":"Galeri"}]}]}},"_links":{"self":[{"href":"https:\/\/1.seckinotelrestaurant.com\/en\/wp-json\/wp\/v2\/pages\/1085"}],"collection":[{"href":"https:\/\/1.seckinotelrestaurant.com\/en\/wp-json\/wp\/v2\/pages"}],"about":[{"href":"https:\/\/1.seckinotelrestaurant.com\/en\/wp-json\/wp\/v2\/types\/page"}],"author":[{"embeddable":true,"href":"https:\/\/1.seckinotelrestaurant.com\/en\/wp-json\/wp\/v2\/users\/1"}],"replies":[{"embeddable":true,"href":"https:\/\/1.seckinotelrestaurant.com\/en\/wp-json\/wp\/v2\/comments?post=1085"}],"version-history":[{"count":9,"href":"https:\/\/1.seckinotelrestaurant.com\/en\/wp-json\/wp\/v2\/pages\/1085\/revisions"}],"predecessor-version":[{"id":2473,"href":"https:\/\/1.seckinotelrestaurant.com\/en\/wp-json\/wp\/v2\/pages\/1085\/revisions\/2473"}],"wp:attachment":[{"href":"https:\/\/1.seckinotelrestaurant.com\/en\/wp-json\/wp\/v2\/media?parent=1085"}],"curies":[{"name":"wp","href":"https:\/\/api.w.org\/{rel}","templated":true}]}}